{"id":419,"date":"2026-04-15T12:57:31","date_gmt":"2026-04-15T09:57:31","guid":{"rendered":"https:\/\/www.neuvolab.fi\/?page_id=419"},"modified":"2026-04-16T09:23:49","modified_gmt":"2026-04-16T06:23:49","slug":"sustainability","status":"publish","type":"page","link":"https:\/\/www.neuvolab.fi\/en\/sustainability\/","title":{"rendered":"Sustainability<br>"},"content":{"rendered":"\n\n\t<p><strong><em>&#8220;Tehd\u00e4\u00e4n niin, ett\u00e4 siit\u00e4 on asiakkaalle todellista hy\u00f6ty\u00e4&#8221;<\/em><\/strong><\/p>\n\t<h1>\n\t\t\t\tKest\u00e4vyysprosessit kuntoon!\n\t\t\t<\/h1>\n\t\t\t<p>Kest\u00e4vyyspalvelumme suunnitellaan juuri teid\u00e4n yrityksenne ja toimialanne tarpeisiin. Hallitsemme niin kest\u00e4vyyslains\u00e4\u00e4d\u00e4nn\u00f6n, kest\u00e4vyysanalytiikan kuin ERP-kehityksen.<\/p>\t\n\t<h2>\n\t\t\t\tKest\u00e4vyyspalvelut:\n\t\t\t<\/h2>\n\t<p><strong>Palvelumme asiakkaan yksil\u00f6llisiin tarpeisiin<\/strong><\/p>\n<ul>\n<li>P\u00e4\u00e4st\u00f6laskennan kehitys datan ker\u00e4\u00e4misest\u00e4 analytiikkaan sek\u00e4 p\u00e4\u00e4st\u00f6v\u00e4hennyskeinojen tunnistamiseen<\/li>\n<li>EU:n hiilirajamekanismin (CBAM) raportoinnin kehitys, p\u00e4\u00e4st\u00f6tietojen koulutus ja ker\u00e4\u00e4minen toimittajilta<\/li>\n<li>EU:n mets\u00e4katoasetuksen jalkauttaminen toimitusketjuun ja MES\/ERP-j\u00e4rjestelmiin<\/li>\n<li>Kest\u00e4vyysanalytiikan ja -mittareiden kehitys<\/li>\n<\/ul>\n\t<p><strong>P\u00e4\u00e4st\u00f6NEUVO<\/strong><\/p>\n<ul>\n<li>Kiinte\u00e4hintainen projekti yrityksen omien toimintojen p\u00e4\u00e4st\u00f6laskentaan (Scope 1 ja 2)<\/li>\n<li>Ty\u00f6kalut ja prosessit itsen\u00e4iseen p\u00e4\u00e4st\u00f6laskentaan<\/li>\n<\/ul>\n<p><a href=\"https:\/\/www.neuvolab.fi\/paastoneuvo\/\">Lue t\u00e4\u00e4lt\u00e4 lis\u00e4\u00e4!<\/a><\/p>\n\t<h2>\n\t\t\t\tOta yhteytt\u00e4\n\t\t\t<\/h2>\n\t<iframe data-tally-src=\"https:\/\/tally.so\/embed\/Y5QDyz?alignLeft=1&#038;hideTitle=1&#038;transparentBackground=1&#038;dynamicHeight=1\" loading=\"lazy\" width=\"100%\" height=\"373\" frameborder=\"0\" marginheight=\"0\" marginwidth=\"0\" title=\"Yhteydenotto\"><\/iframe>\n\n","protected":false},"excerpt":{"rendered":"<p>&#8220;Tehd\u00e4\u00e4n niin, ett\u00e4 siit\u00e4 on asiakkaalle todellista hy\u00f6ty\u00e4&#8221; Kest\u00e4vyysprosessit kuntoon! Kest\u00e4vyyspalvelumme suunnitellaan juuri teid\u00e4n yrityksenne ja toimialanne tarpeisiin. Hallitsemme niin [&hellip;]<\/p>\n","protected":false},"author":4,"featured_media":0,"parent":0,"menu_order":0,"comment_status":"closed","ping_status":"open","template":"","meta":{"site-sidebar-layout":"default","site-content-layout":"","ast-site-content-layout":"full-width-container","site-content-style":"default","site-sidebar-style":"default","ast-global-header-display":"","ast-banner-title-visibility":"","ast-main-header-display":"","ast-hfb-above-header-display":"","ast-hfb-below-header-display":"","ast-hfb-mobile-header-display":"","site-post-title":"disabled","ast-breadcrumbs-content":"","ast-featured-img":"","footer-sml-layout":"","ast-disable-related-posts":"","theme-transparent-header-meta":"","adv-header-id-meta":"","stick-header-meta":"","header-above-stick-meta":"","header-main-stick-meta":"","header-below-stick-meta":"","astra-migrate-meta-layouts":"default","ast-page-background-enabled":"default","ast-page-background-meta":{"desktop":{"background-color":"var(--ast-global-color-5)","background-image":"","background-repeat":"repeat","background-position":"center center","background-size":"auto","background-attachment":"scroll","background-type":"","background-media":"","overlay-type":"","overlay-color":"","overlay-opacity":"","overlay-gradient":""},"tablet":{"background-color":"","background-image":"","background-repeat":"repeat","background-position":"center center","background-size":"auto","background-attachment":"scroll","background-type":"","background-media":"","overlay-type":"","overlay-color":"","overlay-opacity":"","overlay-gradient":""},"mobile":{"background-color":"","background-image":"","background-repeat":"repeat","background-position":"center center","background-size":"auto","background-attachment":"scroll","background-type":"","background-media":"","overlay-type":"","overlay-color":"","overlay-opacity":"","overlay-gradient":""}},"ast-content-background-meta":{"desktop":{"background-color":"var(--ast-global-color-4)","background-image":"","background-repeat":"repeat","background-position":"center center","background-size":"auto","background-attachment":"scroll","background-type":"","background-media":"","overlay-type":"","overlay-color":"","overlay-opacity":"","overlay-gradient":""},"tablet":{"background-color":"var(--ast-global-color-4)","background-image":"","background-repeat":"repeat","background-position":"center center","background-size":"auto","background-attachment":"scroll","background-type":"","background-media":"","overlay-type":"","overlay-color":"","overlay-opacity":"","overlay-gradient":""},"mobile":{"background-color":"var(--ast-global-color-4)","background-image":"","background-repeat":"repeat","background-position":"center center","background-size":"auto","background-attachment":"scroll","background-type":"","background-media":"","overlay-type":"","overlay-color":"","overlay-opacity":"","overlay-gradient":""}},"footnotes":""},"class_list":["post-419","page","type-page","status-publish","hentry"],"yoast_head":"<!-- This site is optimized with the Yoast SEO plugin v27.4 - https:\/\/yoast.com\/product\/yoast-seo-wordpress\/ -->\n<title>Sustainability - Neuvolab<\/title>\n<meta name=\"robots\" content=\"index, follow, max-snippet:-1, max-image-preview:large, max-video-preview:-1\" \/>\n<link rel=\"canonical\" href=\"https:\/\/www.neuvolab.fi\/en\/sustainability\/\" \/>\n<meta property=\"og:locale\" content=\"en_US\" \/>\n<meta property=\"og:type\" content=\"article\" \/>\n<meta property=\"og:title\" content=\"Sustainability - Neuvolab\" \/>\n<meta property=\"og:description\" content=\"&#8220;Tehd\u00e4\u00e4n niin, ett\u00e4 siit\u00e4 on asiakkaalle todellista hy\u00f6ty\u00e4&#8221; Kest\u00e4vyysprosessit kuntoon! Kest\u00e4vyyspalvelumme suunnitellaan juuri teid\u00e4n yrityksenne ja toimialanne tarpeisiin. Hallitsemme niin [&hellip;]\" \/>\n<meta property=\"og:url\" content=\"https:\/\/www.neuvolab.fi\/en\/sustainability\/\" \/>\n<meta property=\"og:site_name\" content=\"Neuvolab\" \/>\n<meta property=\"article:modified_time\" content=\"2026-04-16T06:23:49+00:00\" \/>\n<meta name=\"twitter:card\" content=\"summary_large_image\" \/>\n<meta name=\"twitter:label1\" content=\"Est. reading time\" \/>\n\t<meta name=\"twitter:data1\" content=\"1 minute\" \/>\n<script type=\"application\/ld+json\" class=\"yoast-schema-graph\">{\"@context\":\"https:\\\/\\\/schema.org\",\"@graph\":[{\"@type\":\"WebPage\",\"@id\":\"https:\\\/\\\/www.neuvolab.fi\\\/en\\\/sustainability\\\/\",\"url\":\"https:\\\/\\\/www.neuvolab.fi\\\/en\\\/sustainability\\\/\",\"name\":\"Sustainability - Neuvolab\",\"isPartOf\":{\"@id\":\"https:\\\/\\\/www.neuvolab.fi\\\/en\\\/#website\"},\"datePublished\":\"2026-04-15T09:57:31+00:00\",\"dateModified\":\"2026-04-16T06:23:49+00:00\",\"breadcrumb\":{\"@id\":\"https:\\\/\\\/www.neuvolab.fi\\\/en\\\/sustainability\\\/#breadcrumb\"},\"inLanguage\":\"en-US\",\"potentialAction\":[{\"@type\":\"ReadAction\",\"target\":[\"https:\\\/\\\/www.neuvolab.fi\\\/en\\\/sustainability\\\/\"]}]},{\"@type\":\"BreadcrumbList\",\"@id\":\"https:\\\/\\\/www.neuvolab.fi\\\/en\\\/sustainability\\\/#breadcrumb\",\"itemListElement\":[{\"@type\":\"ListItem\",\"position\":1,\"name\":\"Etusivu\",\"item\":\"https:\\\/\\\/www.neuvolab.fi\\\/en\\\/\"},{\"@type\":\"ListItem\",\"position\":2,\"name\":\"Sustainability\"}]},{\"@type\":\"WebSite\",\"@id\":\"https:\\\/\\\/www.neuvolab.fi\\\/en\\\/#website\",\"url\":\"https:\\\/\\\/www.neuvolab.fi\\\/en\\\/\",\"name\":\"Neuvolab\",\"description\":\"K&auml;yt&auml;nn&ouml;nl&auml;heist&auml; konsultointia\",\"publisher\":{\"@id\":\"https:\\\/\\\/www.neuvolab.fi\\\/en\\\/#organization\"},\"potentialAction\":[{\"@type\":\"SearchAction\",\"target\":{\"@type\":\"EntryPoint\",\"urlTemplate\":\"https:\\\/\\\/www.neuvolab.fi\\\/en\\\/?s={search_term_string}\"},\"query-input\":{\"@type\":\"PropertyValueSpecification\",\"valueRequired\":true,\"valueName\":\"search_term_string\"}}],\"inLanguage\":\"en-US\"},{\"@type\":\"Organization\",\"@id\":\"https:\\\/\\\/www.neuvolab.fi\\\/en\\\/#organization\",\"name\":\"Neuvolab\",\"url\":\"https:\\\/\\\/www.neuvolab.fi\\\/en\\\/\",\"logo\":{\"@type\":\"ImageObject\",\"inLanguage\":\"en-US\",\"@id\":\"https:\\\/\\\/www.neuvolab.fi\\\/en\\\/#\\\/schema\\\/logo\\\/image\\\/\",\"url\":\"https:\\\/\\\/www.neuvolab.fi\\\/wp-content\\\/uploads\\\/2026\\\/01\\\/cropped-neuvolab_logo_mauve_rgb.png\",\"contentUrl\":\"https:\\\/\\\/www.neuvolab.fi\\\/wp-content\\\/uploads\\\/2026\\\/01\\\/cropped-neuvolab_logo_mauve_rgb.png\",\"width\":1232,\"height\":410,\"caption\":\"Neuvolab\"},\"image\":{\"@id\":\"https:\\\/\\\/www.neuvolab.fi\\\/en\\\/#\\\/schema\\\/logo\\\/image\\\/\"}}]}<\/script>\n<!-- \/ Yoast SEO plugin. -->","yoast_head_json":{"title":"Sustainability - Neuvolab","robots":{"index":"index","follow":"follow","max-snippet":"max-snippet:-1","max-image-preview":"max-image-preview:large","max-video-preview":"max-video-preview:-1"},"canonical":"https:\/\/www.neuvolab.fi\/en\/sustainability\/","og_locale":"en_US","og_type":"article","og_title":"Sustainability - Neuvolab","og_description":"&#8220;Tehd\u00e4\u00e4n niin, ett\u00e4 siit\u00e4 on asiakkaalle todellista hy\u00f6ty\u00e4&#8221; Kest\u00e4vyysprosessit kuntoon! Kest\u00e4vyyspalvelumme suunnitellaan juuri teid\u00e4n yrityksenne ja toimialanne tarpeisiin. Hallitsemme niin [&hellip;]","og_url":"https:\/\/www.neuvolab.fi\/en\/sustainability\/","og_site_name":"Neuvolab","article_modified_time":"2026-04-16T06:23:49+00:00","twitter_card":"summary_large_image","twitter_misc":{"Est. reading time":"1 minute"},"schema":{"@context":"https:\/\/schema.org","@graph":[{"@type":"WebPage","@id":"https:\/\/www.neuvolab.fi\/en\/sustainability\/","url":"https:\/\/www.neuvolab.fi\/en\/sustainability\/","name":"Sustainability - Neuvolab","isPartOf":{"@id":"https:\/\/www.neuvolab.fi\/en\/#website"},"datePublished":"2026-04-15T09:57:31+00:00","dateModified":"2026-04-16T06:23:49+00:00","breadcrumb":{"@id":"https:\/\/www.neuvolab.fi\/en\/sustainability\/#breadcrumb"},"inLanguage":"en-US","potentialAction":[{"@type":"ReadAction","target":["https:\/\/www.neuvolab.fi\/en\/sustainability\/"]}]},{"@type":"BreadcrumbList","@id":"https:\/\/www.neuvolab.fi\/en\/sustainability\/#breadcrumb","itemListElement":[{"@type":"ListItem","position":1,"name":"Etusivu","item":"https:\/\/www.neuvolab.fi\/en\/"},{"@type":"ListItem","position":2,"name":"Sustainability"}]},{"@type":"WebSite","@id":"https:\/\/www.neuvolab.fi\/en\/#website","url":"https:\/\/www.neuvolab.fi\/en\/","name":"Neuvolab","description":"K&auml;yt&auml;nn&ouml;nl&auml;heist&auml; konsultointia","publisher":{"@id":"https:\/\/www.neuvolab.fi\/en\/#organization"},"potentialAction":[{"@type":"SearchAction","target":{"@type":"EntryPoint","urlTemplate":"https:\/\/www.neuvolab.fi\/en\/?s={search_term_string}"},"query-input":{"@type":"PropertyValueSpecification","valueRequired":true,"valueName":"search_term_string"}}],"inLanguage":"en-US"},{"@type":"Organization","@id":"https:\/\/www.neuvolab.fi\/en\/#organization","name":"Neuvolab","url":"https:\/\/www.neuvolab.fi\/en\/","logo":{"@type":"ImageObject","inLanguage":"en-US","@id":"https:\/\/www.neuvolab.fi\/en\/#\/schema\/logo\/image\/","url":"https:\/\/www.neuvolab.fi\/wp-content\/uploads\/2026\/01\/cropped-neuvolab_logo_mauve_rgb.png","contentUrl":"https:\/\/www.neuvolab.fi\/wp-content\/uploads\/2026\/01\/cropped-neuvolab_logo_mauve_rgb.png","width":1232,"height":410,"caption":"Neuvolab"},"image":{"@id":"https:\/\/www.neuvolab.fi\/en\/#\/schema\/logo\/image\/"}}]}},"_links":{"self":[{"href":"https:\/\/www.neuvolab.fi\/en\/wp-json\/wp\/v2\/pages\/419","targetHints":{"allow":["GET"]}}],"collection":[{"href":"https:\/\/www.neuvolab.fi\/en\/wp-json\/wp\/v2\/pages"}],"about":[{"href":"https:\/\/www.neuvolab.fi\/en\/wp-json\/wp\/v2\/types\/page"}],"author":[{"embeddable":true,"href":"https:\/\/www.neuvolab.fi\/en\/wp-json\/wp\/v2\/users\/4"}],"replies":[{"embeddable":true,"href":"https:\/\/www.neuvolab.fi\/en\/wp-json\/wp\/v2\/comments?post=419"}],"version-history":[{"count":4,"href":"https:\/\/www.neuvolab.fi\/en\/wp-json\/wp\/v2\/pages\/419\/revisions"}],"predecessor-version":[{"id":428,"href":"https:\/\/www.neuvolab.fi\/en\/wp-json\/wp\/v2\/pages\/419\/revisions\/428"}],"wp:attachment":[{"href":"https:\/\/www.neuvolab.fi\/en\/wp-json\/wp\/v2\/media?parent=419"}],"curies":[{"name":"wp","href":"https:\/\/api.w.org\/{rel}","templated":true}]}}